{"id":9897,"date":"2020-08-11T19:11:28","date_gmt":"2020-08-11T22:11:28","guid":{"rendered":"https:\/\/xplastic.com.br\/blog\/?page_id=9897"},"modified":"2020-08-11T19:13:55","modified_gmt":"2020-08-11T22:13:55","slug":"quem-somos","status":"publish","type":"page","link":"https:\/\/xplastic.com.br\/blog\/quem-somos\/","title":{"rendered":"Xplastic, indecentemente necess\u00e1rio!"},"content":{"rendered":"\n<p>O maior site de pornografia alternativa do Brasil.<\/p>\n\n\n\n<p>Desde 1998 reinventando a pornografia com hist\u00f3rias pervertidas e um elenco quase sempre degenerado. Nos renovamos buscando novos olhares para nossos filmes.<\/p>\n\n\n\n<p>Temos um time de diretoras fazendo os melhores v\u00eddeos dentro da cole\u00e7\u00e3o Porn\u00f4 para Mulheres. Na \u00e1rea de BDSM, trabalhamos com pessoas que realmente gostam e praticam os fetiches. Podolatria, spanking, domina\u00e7\u00e3o e outros.<\/p>\n\n\n\n<p>Especialistas em filmes com sexo entre mulheres, al\u00e9m de trazer do porn\u00f4 ao sensual um acervo com mulheres tatuadas espetaculares.<\/p>\n\n\n\n<p>Assinando a Xplastic, voc\u00ea colabora e faz parte de um site que est\u00e1 produzindo conte\u00fado porn\u00f4 \u00e9tico e seguro, diferente do que se v\u00ea por a\u00ed, e com um servi\u00e7o de alta qualidade e seguran\u00e7a para quem consome.<\/p>\n\n\n\n<p>Apoie uma plataforma de pessoas que cansaram de reclamar e resolveram fazer sua revolu\u00e7\u00e3o.<\/p>\n\n\n\n<p>Se tiver qualquer d\u00favida sobre nosso conte\u00fado, planos de assinatura ou casting, entre em contato pelo e-mail:<br><a href=\"mailto:contato@xplastic.com.br\">contato@xplastic.com.br<\/a><\/p>\n","protected":false},"excerpt":{"rendered":"<p>O maior site de pornografia alternativa do Brasil. Desde 1998 reinventando a pornografia com hist\u00f3rias pervertidas e um elenco quase sempre degenerado. Nos renovamos buscando&#8230;<\/p>\n","protected":false},"author":2,"featured_media":9898,"parent":0,"menu_order":0,"comment_status":"closed","ping_status":"closed","template":"","meta":{"_monsterinsights_skip_tracking":false,"_monsterinsights_sitenote_active":false,"_monsterinsights_sitenote_note":"","_monsterinsights_sitenote_category":0,"kk_blocks_editor_width":"","_kiokenblocks_attr":"","_kiokenblocks_dimensions":"","footnotes":""},"class_list":["post-9897","page","type-page","status-publish","has-post-thumbnail","hentry"],"acf":[],"yoast_head":"<!-- This site is optimized with the Yoast SEO plugin v20.8 - https:\/\/yoast.com\/wordpress\/plugins\/seo\/ -->\n<title>Xplastic, indecentemente necess\u00e1rio! - Xplastic Altporn<\/title>\n<meta name=\"robots\" content=\"index, follow, max-snippet:-1, max-image-preview:large, max-video-preview:-1\" \/>\n<link rel=\"canonical\" href=\"https:\/\/xplastic.com.br\/blog\/quem-somos\/\" \/>\n<meta property=\"og:locale\" content=\"pt_BR\" \/>\n<meta property=\"og:type\" content=\"article\" \/>\n<meta property=\"og:title\" content=\"Xplastic, indecentemente necess\u00e1rio! - Xplastic Altporn\" \/>\n<meta property=\"og:description\" content=\"O maior site de pornografia alternativa do Brasil. Desde 1998 reinventando a pornografia com hist\u00f3rias pervertidas e um elenco quase sempre degenerado. Nos renovamos buscando...\" \/>\n<meta property=\"og:url\" content=\"https:\/\/xplastic.com.br\/blog\/quem-somos\/\" \/>\n<meta property=\"og:site_name\" content=\"Xplastic Altporn\" \/>\n<meta property=\"article:modified_time\" content=\"2020-08-11T22:13:55+00:00\" \/>\n<meta property=\"og:image\" content=\"https:\/\/xplastic.com.br\/blog\/wp-content\/uploads\/2020\/08\/header.jpg\" \/>\n\t<meta property=\"og:image:width\" content=\"870\" \/>\n\t<meta property=\"og:image:height\" content=\"490\" \/>\n\t<meta property=\"og:image:type\" content=\"image\/jpeg\" \/>\n<meta name=\"twitter:card\" content=\"summary_large_image\" \/>\n<meta name=\"twitter:label1\" content=\"Est. tempo de leitura\" \/>\n\t<meta name=\"twitter:data1\" content=\"1 minuto\" \/>\n<script type=\"application\/ld+json\" class=\"yoast-schema-graph\">{\"@context\":\"https:\/\/schema.org\",\"@graph\":[{\"@type\":\"WebPage\",\"@id\":\"https:\/\/xplastic.com.br\/blog\/quem-somos\/\",\"url\":\"https:\/\/xplastic.com.br\/blog\/quem-somos\/\",\"name\":\"Xplastic, indecentemente necess\u00e1rio! - Xplastic Altporn\",\"isPartOf\":{\"@id\":\"https:\/\/xplastic.lv.localhost\/blog\/#website\"},\"datePublished\":\"2020-08-11T22:11:28+00:00\",\"dateModified\":\"2020-08-11T22:13:55+00:00\",\"breadcrumb\":{\"@id\":\"https:\/\/xplastic.com.br\/blog\/quem-somos\/#breadcrumb\"},\"inLanguage\":\"pt-BR\",\"potentialAction\":[{\"@type\":\"ReadAction\",\"target\":[\"https:\/\/xplastic.com.br\/blog\/quem-somos\/\"]}]},{\"@type\":\"BreadcrumbList\",\"@id\":\"https:\/\/xplastic.com.br\/blog\/quem-somos\/#breadcrumb\",\"itemListElement\":[{\"@type\":\"ListItem\",\"position\":1,\"name\":\"In\u00edcio\",\"item\":\"https:\/\/xplastic.lv.localhost\/blog\/\"},{\"@type\":\"ListItem\",\"position\":2,\"name\":\"Xplastic, indecentemente necess\u00e1rio!\"}]},{\"@type\":\"WebSite\",\"@id\":\"https:\/\/xplastic.lv.localhost\/blog\/#website\",\"url\":\"https:\/\/xplastic.lv.localhost\/blog\/\",\"name\":\"Xplastic Altporn\",\"description\":\"Porn\u00f4 com hist\u00f3ria, mulheres tatuadas, altporn e muitas pervers\u00f5es!\",\"publisher\":{\"@id\":\"https:\/\/xplastic.lv.localhost\/blog\/#organization\"},\"potentialAction\":[{\"@type\":\"SearchAction\",\"target\":{\"@type\":\"EntryPoint\",\"urlTemplate\":\"https:\/\/xplastic.lv.localhost\/blog\/?s={search_term_string}\"},\"query-input\":\"required name=search_term_string\"}],\"inLanguage\":\"pt-BR\"},{\"@type\":\"Organization\",\"@id\":\"https:\/\/xplastic.lv.localhost\/blog\/#organization\",\"name\":\"X-Plastic Altporn\",\"url\":\"https:\/\/xplastic.lv.localhost\/blog\/\",\"logo\":{\"@type\":\"ImageObject\",\"inLanguage\":\"pt-BR\",\"@id\":\"https:\/\/xplastic.lv.localhost\/blog\/#\/schema\/logo\/image\/\",\"url\":\"https:\/\/xplastic.com.br\/blog\/wp-content\/uploads\/2017\/07\/2017_TalitaporAlexandreMedeiros_Xplastic5.jpg\",\"contentUrl\":\"https:\/\/xplastic.com.br\/blog\/wp-content\/uploads\/2017\/07\/2017_TalitaporAlexandreMedeiros_Xplastic5.jpg\",\"width\":2048,\"height\":1365,\"caption\":\"X-Plastic Altporn\"},\"image\":{\"@id\":\"https:\/\/xplastic.lv.localhost\/blog\/#\/schema\/logo\/image\/\"}}]}<\/script>\n<!-- \/ Yoast SEO plugin. -->","yoast_head_json":{"title":"Xplastic, indecentemente necess\u00e1rio! - Xplastic Altporn","robots":{"index":"index","follow":"follow","max-snippet":"max-snippet:-1","max-image-preview":"max-image-preview:large","max-video-preview":"max-video-preview:-1"},"canonical":"https:\/\/xplastic.com.br\/blog\/quem-somos\/","og_locale":"pt_BR","og_type":"article","og_title":"Xplastic, indecentemente necess\u00e1rio! - Xplastic Altporn","og_description":"O maior site de pornografia alternativa do Brasil. Desde 1998 reinventando a pornografia com hist\u00f3rias pervertidas e um elenco quase sempre degenerado. Nos renovamos buscando...","og_url":"https:\/\/xplastic.com.br\/blog\/quem-somos\/","og_site_name":"Xplastic Altporn","article_modified_time":"2020-08-11T22:13:55+00:00","og_image":[{"width":870,"height":490,"url":"https:\/\/xplastic.com.br\/blog\/wp-content\/uploads\/2020\/08\/header.jpg","type":"image\/jpeg"}],"twitter_card":"summary_large_image","twitter_misc":{"Est. tempo de leitura":"1 minuto"},"schema":{"@context":"https:\/\/schema.org","@graph":[{"@type":"WebPage","@id":"https:\/\/xplastic.com.br\/blog\/quem-somos\/","url":"https:\/\/xplastic.com.br\/blog\/quem-somos\/","name":"Xplastic, indecentemente necess\u00e1rio! - Xplastic Altporn","isPartOf":{"@id":"https:\/\/xplastic.lv.localhost\/blog\/#website"},"datePublished":"2020-08-11T22:11:28+00:00","dateModified":"2020-08-11T22:13:55+00:00","breadcrumb":{"@id":"https:\/\/xplastic.com.br\/blog\/quem-somos\/#breadcrumb"},"inLanguage":"pt-BR","potentialAction":[{"@type":"ReadAction","target":["https:\/\/xplastic.com.br\/blog\/quem-somos\/"]}]},{"@type":"BreadcrumbList","@id":"https:\/\/xplastic.com.br\/blog\/quem-somos\/#breadcrumb","itemListElement":[{"@type":"ListItem","position":1,"name":"In\u00edcio","item":"https:\/\/xplastic.lv.localhost\/blog\/"},{"@type":"ListItem","position":2,"name":"Xplastic, indecentemente necess\u00e1rio!"}]},{"@type":"WebSite","@id":"https:\/\/xplastic.lv.localhost\/blog\/#website","url":"https:\/\/xplastic.lv.localhost\/blog\/","name":"Xplastic Altporn","description":"Porn\u00f4 com hist\u00f3ria, mulheres tatuadas, altporn e muitas pervers\u00f5es!","publisher":{"@id":"https:\/\/xplastic.lv.localhost\/blog\/#organization"},"potentialAction":[{"@type":"SearchAction","target":{"@type":"EntryPoint","urlTemplate":"https:\/\/xplastic.lv.localhost\/blog\/?s={search_term_string}"},"query-input":"required name=search_term_string"}],"inLanguage":"pt-BR"},{"@type":"Organization","@id":"https:\/\/xplastic.lv.localhost\/blog\/#organization","name":"X-Plastic Altporn","url":"https:\/\/xplastic.lv.localhost\/blog\/","logo":{"@type":"ImageObject","inLanguage":"pt-BR","@id":"https:\/\/xplastic.lv.localhost\/blog\/#\/schema\/logo\/image\/","url":"https:\/\/xplastic.com.br\/blog\/wp-content\/uploads\/2017\/07\/2017_TalitaporAlexandreMedeiros_Xplastic5.jpg","contentUrl":"https:\/\/xplastic.com.br\/blog\/wp-content\/uploads\/2017\/07\/2017_TalitaporAlexandreMedeiros_Xplastic5.jpg","width":2048,"height":1365,"caption":"X-Plastic Altporn"},"image":{"@id":"https:\/\/xplastic.lv.localhost\/blog\/#\/schema\/logo\/image\/"}}]}},"_links":{"self":[{"href":"https:\/\/xplastic.com.br\/blog\/wp-json\/wp\/v2\/pages\/9897"}],"collection":[{"href":"https:\/\/xplastic.com.br\/blog\/wp-json\/wp\/v2\/pages"}],"about":[{"href":"https:\/\/xplastic.com.br\/blog\/wp-json\/wp\/v2\/types\/page"}],"author":[{"embeddable":true,"href":"https:\/\/xplastic.com.br\/blog\/wp-json\/wp\/v2\/users\/2"}],"replies":[{"embeddable":true,"href":"https:\/\/xplastic.com.br\/blog\/wp-json\/wp\/v2\/comments?post=9897"}],"version-history":[{"count":0,"href":"https:\/\/xplastic.com.br\/blog\/wp-json\/wp\/v2\/pages\/9897\/revisions"}],"wp:featuredmedia":[{"embeddable":true,"href":"https:\/\/xplastic.com.br\/blog\/wp-json\/wp\/v2\/media\/9898"}],"wp:attachment":[{"href":"https:\/\/xplastic.com.br\/blog\/wp-json\/wp\/v2\/media?parent=9897"}],"curies":[{"name":"wp","href":"https:\/\/api.w.org\/{rel}","templated":true}]}}